{"id":1376,"date":"2025-04-07T16:48:49","date_gmt":"2025-04-07T16:48:49","guid":{"rendered":"https:\/\/saatall.com\/kanal-tedavisi\/"},"modified":"2025-06-13T18:23:35","modified_gmt":"2025-06-13T18:23:35","slug":"tretmano-e-kanalosqo-e-seresqo","status":"publish","type":"page","link":"https:\/\/staging.frigdent.com\/ro\/tretmano-e-kanalosqo-e-seresqo\/","title":{"rendered":"Tretmano e kan\u00e0losqo e \u015beresqo"},"content":{"rendered":"\t\t<div data-elementor-type=\"wp-page\" data-elementor-id=\"1376\" class=\"elementor elementor-1376\" data-elementor-post-type=\"page\">\n\t\t\t\t<div class=\"elementor-element elementor-element-459a14e e-flex e-con-boxed e-con e-parent\" data-id=\"459a14e\" data-element_type=\"container\" data-e-type=\"container\" data-settings=\"{&quot;background_background&quot;:&quot;classic&quot;}\">\n\t\t\t\t\t<div class=\"e-con-inner\">\n\t\t\t\t\t<\/div>\n\t\t\t\t<\/div>\n\t\t<div class=\"elementor-element elementor-element-5c89983 e-flex e-con-boxed e-con e-parent\" data-id=\"5c89983\" data-element_type=\"container\" data-e-type=\"container\">\n\t\t\t\t\t<div class=\"e-con-inner\">\n\t\t<div class=\"elementor-element elementor-element-9cf6976 e-con-full e-flex e-con e-child\" data-id=\"9cf6976\" data-element_type=\"container\" data-e-type=\"container\">\n\t\t\t\t<div class=\"elementor-element elementor-element-c99f021 elementor-widget elementor-widget-image\" data-id=\"c99f021\" data-element_type=\"widget\" data-e-type=\"widget\" data-widget_type=\"image.default\">\n\t\t\t\t<div class=\"elementor-widget-container\">\n\t\t\t\t\t\t\t\t\t\t\t\t\t\t\t<img loading=\"lazy\" decoding=\"async\" width=\"800\" height=\"450\" src=\"https:\/\/staging.frigdent.com\/wp-content\/uploads\/2025\/04\/kanal-tedavisi-scaled-y-2048x1152-1-1024x576.webp\" class=\"attachment-large size-large wp-image-434\" alt=\"\" srcset=\"https:\/\/staging.frigdent.com\/wp-content\/uploads\/2025\/04\/kanal-tedavisi-scaled-y-2048x1152-1-1024x576.webp 1024w, https:\/\/staging.frigdent.com\/wp-content\/uploads\/2025\/04\/kanal-tedavisi-scaled-y-2048x1152-1-300x169.webp 300w, https:\/\/staging.frigdent.com\/wp-content\/uploads\/2025\/04\/kanal-tedavisi-scaled-y-2048x1152-1-768x432.webp 768w, https:\/\/staging.frigdent.com\/wp-content\/uploads\/2025\/04\/kanal-tedavisi-scaled-y-2048x1152-1-1536x864.webp 1536w, https:\/\/staging.frigdent.com\/wp-content\/uploads\/2025\/04\/kanal-tedavisi-scaled-y-2048x1152-1.webp 2048w\" sizes=\"auto, (max-width: 800px) 100vw, 800px\" \/>\t\t\t\t\t\t\t\t\t\t\t\t\t\t\t<\/div>\n\t\t\t\t<\/div>\n\t\t\t\t<div class=\"elementor-element elementor-element-163fd88 elementor-widget elementor-widget-text-editor\" data-id=\"163fd88\" data-element_type=\"widget\" data-e-type=\"widget\" data-widget_type=\"text-editor.default\">\n\t\t\t\t<div class=\"elementor-widget-container\">\n\t\t\t\t\t\t\t\t\t<p>O tretmano e kanalesko si jekh metoda e tretmanoski savi si kerdini ano thana kote so o kovlo tkivo akhardo pulpa andar o dand si infektirimo ja phagerdo. I pulpa si la nervura, ratne riga thaj phanglo tkivo e dandengo.<\/p>\n<p><b>O tretmano e \u0107ororeske kanalosqo si butivar trubujipe an\u03b8-e kadala kazura:<\/b><\/p>\n<p><b>O \u0107orripe e dandenqo:<\/b> Jekh \u0107orripe e dandenqo \u015baj te resel o \u0107oro e dandenqo thaj te kerel infekcia.<\/p>\n<p><b>Trauma e dandenqi:<\/b> I pulpa \u015baj te avel phagerdi sar rezultato e dandenqo so si mardo vaj phagerdo.<\/p>\n<p><b>Rekurentno infekcie ano dand:<\/b> Kana rekurentno infekcie avena ano dand, shaj te trubul te kerel pes tretmano e kanalesko.<\/p>\n<p><b>Sar kerel pes o tretmano e kanalosko e korenqo?<\/b><\/p>\n<p><b>O tretmano e \u0107ororeske kanalosqo butivar in\u0107arel kadala pa\u015ba:<\/b><\/p>\n<p><b>Anestezia:<\/b> Anglal i procedura, o dand thaj lesqo rig si \u0107orre lokalo anestezia\u00e7a. Ano akava drom, o dukh thaj o bibaht si minimalno.<\/p>\n<p><b>Putardo akceso:<\/b> Jekh \u0107oro si putardo pe dand thaj o andruno kotor e dandesko si reslo. Akava paso del akceso ki pulpaki soba thaj ki rig e kanalencar.<\/p>\n<p><b>Te lel pes o pulpo:<\/b> Infektirime vaj phagerdo pulpako tkivo thaj nervura si line avri. Le kanalura le koreske si thodine thaj formirime.<\/p>\n<p><b>Irigacia thaj dezinfekcia e kanalenqi:<\/b> E kanalur\u0103 si thovde thaj dezinfektisarde specialne solucienqe. Akava paso lel e bakterie thaj e infekcia.<\/p>\n<p><b>Pherdipe e \u0107ororesko:<\/b> E \u0107orre kanala save si \u0107hivde thaj formirime si pherde e gutta-perchasa, jekh specialo pherdipasko materi\u00e0lo. Akava pherdo materijalo phandel e kanalura sajekh.<\/p>\n<p><b>Restauracia:<\/b> O dand savo nakhlo o tretmano e kanalesko si butivar restaurime e pherdipnasa vaj e dandenca. Akava irinel e dandeski zor thaj duryaripe.<\/p>\n<p>O tretmano e \u0107ororeske kanalosqo si butivar kerdo an\u03b8-e jekh vaj maj but sesie, maj but an\u03b8-e kazura e infekciaqe. Varesave nasvale \u015baj te nakhen temporarno dukh vaj kovlipe palal i procedura, numaj kadava obi\u010dno tiknjarel pes palal o vaxt.<\/p>\n<p>O tretmano e kanalosa e kan\u00e0losqo a\u017autil te kontrolisarel i infekcia thaj a\u017autil te arakhel pes o dand. Numaj, an\u03b8-e varesave kazura, i kondicia e dandenqi \u015baj te avel kadja bila\u0107hi kaj o tretmano e kan\u00e0losqo e \u015beresqo na si suksesutno thaj o dand \u015baj te avel trubujipe te avel avri \u0107hudino.<\/p>\t\t\t\t\t\t\t\t<\/div>\n\t\t\t\t<\/div>\n\t\t\t\t<\/div>\n\t\t<div class=\"elementor-element elementor-element-f295145 e-con-full e-flex e-con e-child\" data-id=\"f295145\" data-element_type=\"container\" data-e-type=\"container\">\n\t\t<div class=\"elementor-element elementor-element-746c8e9 e-con-full e-flex e-con e-child\" data-id=\"746c8e9\" data-element_type=\"container\" data-e-type=\"container\" data-settings=\"{&quot;background_background&quot;:&quot;classic&quot;}\">\n\t\t\t\t<div class=\"elementor-element elementor-element-b914f41 elementor-widget__width-initial elementor-widget elementor-widget-heading\" data-id=\"b914f41\" data-element_type=\"widget\" data-e-type=\"widget\" data-widget_type=\"heading.default\">\n\t\t\t\t<div class=\"elementor-widget-container\">\n\t\t\t\t\t<h2 class=\"elementor-heading-title elementor-size-default\">Konsultisaren jekhe ekspertos<\/h2>\t\t\t\t<\/div>\n\t\t\t\t<\/div>\n\t\t\t\t<div class=\"elementor-element elementor-element-565d773 elementor-button-align-stretch elementor-widget elementor-widget-form\" data-id=\"565d773\" data-element_type=\"widget\" data-e-type=\"widget\" data-settings=\"{&quot;step_next_label&quot;:&quot;Next&quot;,&quot;step_previous_label&quot;:&quot;Previous&quot;,&quot;button_width&quot;:&quot;100&quot;,&quot;step_type&quot;:&quot;number_text&quot;,&quot;step_icon_shape&quot;:&quot;circle&quot;}\" data-widget_type=\"form.default\">\n\t\t\t\t<div class=\"elementor-widget-container\">\n\t\t\t\t\t\t\t<form class=\"elementor-form\" method=\"post\" name=\"New Form\" aria-label=\"New Form\">\n\t\t\t<input type=\"hidden\" name=\"post_id\" value=\"1376\"\/>\n\t\t\t<input type=\"hidden\" name=\"form_id\" value=\"565d773\"\/>\n\t\t\t<input type=\"hidden\" name=\"referer_title\" value=\"Tretmano e kan\u00e0losqo e \u015beresqo - Frigdent\" \/>\n\n\t\t\t\t\t\t\t<input type=\"hidden\" name=\"queried_id\" value=\"1376\"\/>\n\t\t\t\n\t\t\t<div class=\"elementor-form-fields-wrapper elementor-labels-above\">\n\t\t\t\t\t\t\t\t<div class=\"elementor-field-type-text elementor-field-group elementor-column elementor-field-group-name elementor-col-100\">\n\t\t\t\t\t\t\t\t\t\t\t\t\t<input size=\"1\" type=\"text\" name=\"form_fields[name]\" id=\"form-field-name\" class=\"elementor-field elementor-size-sm  elementor-field-textual\" placeholder=\"Tumaro anav thaj familijako anav\">\n\t\t\t\t\t\t\t\t\t\t\t<\/div>\n\t\t\t\t\t\t\t\t<div class=\"elementor-field-type-tel elementor-field-group elementor-column elementor-field-group-email elementor-col-100 elementor-field-required\">\n\t\t\t\t\t\t\t<input size=\"1\" type=\"tel\" name=\"form_fields[email]\" id=\"form-field-email\" class=\"elementor-field elementor-size-sm  elementor-field-textual\" placeholder=\"Tumaro telefonosko gin\" required=\"required\" pattern=\"[0-9()#&amp;+*-=.]+\" title=\"Only numbers and phone characters (#, -, *, etc) are accepted.\">\n\n\t\t\t\t\t\t<\/div>\n\t\t\t\t\t\t\t\t<div class=\"elementor-field-type-textarea elementor-field-group elementor-column elementor-field-group-message elementor-col-100\">\n\t\t\t\t\t<textarea class=\"elementor-field-textual elementor-field  elementor-size-sm\" name=\"form_fields[message]\" id=\"form-field-message\" rows=\"4\" placeholder=\"Tumaro mesa\u017eo\"><\/textarea>\t\t\t\t<\/div>\n\t\t\t\t\t\t\t\t<div class=\"elementor-field-group elementor-column elementor-field-type-submit elementor-col-100 e-form__buttons\">\n\t\t\t\t\t<button class=\"elementor-button elementor-size-sm\" type=\"submit\">\n\t\t\t\t\t\t<span class=\"elementor-button-content-wrapper\">\n\t\t\t\t\t\t\t\t\t\t\t\t\t\t\t\t\t\t\t\t\t\t<span class=\"elementor-button-text\">Bi\u0107hal o formularo<\/span>\n\t\t\t\t\t\t\t\t\t\t\t\t\t<\/span>\n\t\t\t\t\t<\/button>\n\t\t\t\t<\/div>\n\t\t\t<\/div>\n\t\t<\/form>\n\t\t\t\t\t\t<\/div>\n\t\t\t\t<\/div>\n\t\t\t\t<\/div>\n\t\t<div class=\"elementor-element elementor-element-40d1a8b e-con-full e-flex e-con e-child\" data-id=\"40d1a8b\" data-element_type=\"container\" data-e-type=\"container\" data-settings=\"{&quot;background_background&quot;:&quot;classic&quot;}\">\n\t\t\t\t<div class=\"elementor-element elementor-element-9fcc83d elementor-align-justify elementor-widget elementor-widget-button\" data-id=\"9fcc83d\" data-element_type=\"widget\" data-e-type=\"widget\" data-widget_type=\"button.default\">\n\t\t\t\t<div class=\"elementor-widget-container\">\n\t\t\t\t\t\t\t\t\t<div class=\"elementor-button-wrapper\">\n\t\t\t\t\t<a class=\"elementor-button elementor-button-link elementor-size-sm elementor-animation-grow\" href=\"https:\/\/staging.frigdent.com\/ro\/estetikani-stomatologia\/\">\n\t\t\t\t\t\t<span class=\"elementor-button-content-wrapper\">\n\t\t\t\t\t\t\t\t\t<span class=\"elementor-button-text\">Estetikani Stomatologia<\/span>\n\t\t\t\t\t<\/span>\n\t\t\t\t\t<\/a>\n\t\t\t\t<\/div>\n\t\t\t\t\t\t\t\t<\/div>\n\t\t\t\t<\/div>\n\t\t\t\t<div class=\"elementor-element elementor-element-3d73ebc elementor-align-justify elementor-widget elementor-widget-button\" data-id=\"3d73ebc\" data-element_type=\"widget\" data-e-type=\"widget\" data-widget_type=\"button.default\">\n\t\t\t\t<div class=\"elementor-widget-container\">\n\t\t\t\t\t\t\t\t\t<div class=\"elementor-button-wrapper\">\n\t\t\t\t\t<a class=\"elementor-button elementor-button-link elementor-size-sm elementor-animation-grow\" href=\"https:\/\/staging.frigdent.com\/ro\/estetika-e-gumenqi\/\">\n\t\t\t\t\t\t<span class=\"elementor-button-content-wrapper\">\n\t\t\t\t\t\t\t\t\t<span class=\"elementor-button-text\">Estetika e gumenqi<\/span>\n\t\t\t\t\t<\/span>\n\t\t\t\t\t<\/a>\n\t\t\t\t<\/div>\n\t\t\t\t\t\t\t\t<\/div>\n\t\t\t\t<\/div>\n\t\t\t\t<div class=\"elementor-element elementor-element-50f917e elementor-align-justify elementor-widget elementor-widget-button\" data-id=\"50f917e\" data-element_type=\"widget\" data-e-type=\"widget\" data-widget_type=\"button.default\">\n\t\t\t\t<div class=\"elementor-widget-container\">\n\t\t\t\t\t\t\t\t\t<div class=\"elementor-button-wrapper\">\n\t\t\t\t\t<a class=\"elementor-button elementor-button-link elementor-size-sm elementor-animation-grow\" href=\"https:\/\/staging.frigdent.com\/ro\/dizajno-e-baxtagoresko\/\">\n\t\t\t\t\t\t<span class=\"elementor-button-content-wrapper\">\n\t\t\t\t\t\t\t\t\t<span class=\"elementor-button-text\">Dizajno e baxtagoresko<\/span>\n\t\t\t\t\t<\/span>\n\t\t\t\t\t<\/a>\n\t\t\t\t<\/div>\n\t\t\t\t\t\t\t\t<\/div>\n\t\t\t\t<\/div>\n\t\t\t\t<div class=\"elementor-element elementor-element-9f4895e elementor-align-justify elementor-widget elementor-widget-button\" data-id=\"9f4895e\" data-element_type=\"widget\" data-e-type=\"widget\" data-widget_type=\"button.default\">\n\t\t\t\t<div class=\"elementor-widget-container\">\n\t\t\t\t\t\t\t\t\t<div class=\"elementor-button-wrapper\">\n\t\t\t\t\t<a class=\"elementor-button elementor-button-link elementor-size-sm elementor-animation-grow\" href=\"https:\/\/staging.frigdent.com\/ro\/tehnologia-e-pherdipnaski\/\">\n\t\t\t\t\t\t<span class=\"elementor-button-content-wrapper\">\n\t\t\t\t\t\t\t\t\t<span class=\"elementor-button-text\">Tehnologia e pherdipnaski<\/span>\n\t\t\t\t\t<\/span>\n\t\t\t\t\t<\/a>\n\t\t\t\t<\/div>\n\t\t\t\t\t\t\t\t<\/div>\n\t\t\t\t<\/div>\n\t\t\t\t<div class=\"elementor-element elementor-element-72d3797 elementor-align-justify elementor-widget elementor-widget-button\" data-id=\"72d3797\" data-element_type=\"widget\" data-e-type=\"widget\" data-widget_type=\"button.default\">\n\t\t\t\t<div class=\"elementor-widget-container\">\n\t\t\t\t\t\t\t\t\t<div class=\"elementor-button-wrapper\">\n\t\t\t\t\t<a class=\"elementor-button elementor-button-link elementor-size-sm elementor-animation-grow\" href=\"https:\/\/staging.frigdent.com\/ro\/porcelano-lil\/\">\n\t\t\t\t\t\t<span class=\"elementor-button-content-wrapper\">\n\t\t\t\t\t\t\t\t\t<span class=\"elementor-button-text\">Porcelano lil<\/span>\n\t\t\t\t\t<\/span>\n\t\t\t\t\t<\/a>\n\t\t\t\t<\/div>\n\t\t\t\t\t\t\t\t<\/div>\n\t\t\t\t<\/div>\n\t\t\t\t<div class=\"elementor-element elementor-element-5215e57 elementor-align-justify elementor-widget elementor-widget-button\" data-id=\"5215e57\" data-element_type=\"widget\" data-e-type=\"widget\" data-widget_type=\"button.default\">\n\t\t\t\t<div class=\"elementor-widget-container\">\n\t\t\t\t\t\t\t\t\t<div class=\"elementor-button-wrapper\">\n\t\t\t\t\t<a class=\"elementor-button elementor-button-link elementor-size-sm elementor-animation-grow\" href=\"https:\/\/staging.frigdent.com\/ro\/keramikaqo-pherdipen\/\">\n\t\t\t\t\t\t<span class=\"elementor-button-content-wrapper\">\n\t\t\t\t\t\t\t\t\t<span class=\"elementor-button-text\">Keramikaqo pherdipen<\/span>\n\t\t\t\t\t<\/span>\n\t\t\t\t\t<\/a>\n\t\t\t\t<\/div>\n\t\t\t\t\t\t\t\t<\/div>\n\t\t\t\t<\/div>\n\t\t\t\t<div class=\"elementor-element elementor-element-d78e0fe elementor-align-justify elementor-widget elementor-widget-button\" data-id=\"d78e0fe\" data-element_type=\"widget\" data-e-type=\"widget\" data-widget_type=\"button.default\">\n\t\t\t\t<div class=\"elementor-widget-container\">\n\t\t\t\t\t\t\t\t\t<div class=\"elementor-button-wrapper\">\n\t\t\t\t\t<a class=\"elementor-button elementor-button-link elementor-size-sm elementor-animation-grow\" href=\"https:\/\/staging.frigdent.com\/ro\/tretmano-e-implantosqo\/\">\n\t\t\t\t\t\t<span class=\"elementor-button-content-wrapper\">\n\t\t\t\t\t\t\t\t\t<span class=\"elementor-button-text\">Tretmano e implantosqo<\/span>\n\t\t\t\t\t<\/span>\n\t\t\t\t\t<\/a>\n\t\t\t\t<\/div>\n\t\t\t\t\t\t\t\t<\/div>\n\t\t\t\t<\/div>\n\t\t\t\t<\/div>\n\t\t\t\t<\/div>\n\t\t\t\t\t<\/div>\n\t\t\t\t<\/div>\n\t\t<div class=\"elementor-element elementor-element-d59a742 e-flex e-con-boxed e-con e-parent\" data-id=\"d59a742\" data-element_type=\"container\" data-e-type=\"container\">\n\t\t\t\t\t<div class=\"e-con-inner\">\n\t\t\t\t<div class=\"elementor-element elementor-element-bccabd4 elementor-widget elementor-widget-spacer\" data-id=\"bccabd4\" data-element_type=\"widget\" data-e-type=\"widget\" data-widget_type=\"spacer.default\">\n\t\t\t\t<div class=\"elementor-widget-container\">\n\t\t\t\t\t\t\t<div class=\"elementor-spacer\">\n\t\t\t<div class=\"elementor-spacer-inner\"><\/div>\n\t\t<\/div>\n\t\t\t\t\t\t<\/div>\n\t\t\t\t<\/div>\n\t\t\t\t\t<\/div>\n\t\t\t\t<\/div>\n\t\t\t\t<\/div>\n\t\t","protected":false},"excerpt":{"rendered":"<p>O tretmano e kanalesko si jekh metoda e tretmanoski savi si kerdini ano thana kote so o kovlo tkivo akhardo pulpa andar o dand si infektirimo ja phagerdo. I pulpa si la nervura, ratne riga thaj phanglo tkivo e dandengo. O tretmano e \u0107ororeske kanalosqo si butivar trubujipe an\u03b8-e kadala kazura: O \u0107orripe e dandenqo: [&hellip;]<\/p>\n","protected":false},"author":1,"featured_media":0,"parent":0,"menu_order":0,"comment_status":"closed","ping_status":"closed","template":"","meta":{"footnotes":""},"class_list":["post-1376","page","type-page","status-publish","hentry"],"_links":{"self":[{"href":"https:\/\/staging.frigdent.com\/ro\/wp-json\/wp\/v2\/pages\/1376","targetHints":{"allow":["GET"]}}],"collection":[{"href":"https:\/\/staging.frigdent.com\/ro\/wp-json\/wp\/v2\/pages"}],"about":[{"href":"https:\/\/staging.frigdent.com\/ro\/wp-json\/wp\/v2\/types\/page"}],"author":[{"embeddable":true,"href":"https:\/\/staging.frigdent.com\/ro\/wp-json\/wp\/v2\/users\/1"}],"replies":[{"embeddable":true,"href":"https:\/\/staging.frigdent.com\/ro\/wp-json\/wp\/v2\/comments?post=1376"}],"version-history":[{"count":9,"href":"https:\/\/staging.frigdent.com\/ro\/wp-json\/wp\/v2\/pages\/1376\/revisions"}],"predecessor-version":[{"id":3027,"href":"https:\/\/staging.frigdent.com\/ro\/wp-json\/wp\/v2\/pages\/1376\/revisions\/3027"}],"wp:attachment":[{"href":"https:\/\/staging.frigdent.com\/ro\/wp-json\/wp\/v2\/media?parent=1376"}],"curies":[{"name":"wp","href":"https:\/\/api.w.org\/{rel}","templated":true}]}}