{"id":2515,"date":"2025-04-07T16:46:16","date_gmt":"2025-04-07T16:46:16","guid":{"rendered":"https:\/\/frigdent.com\/cocuk-dis-hekimligi\/"},"modified":"2025-06-13T17:33:45","modified_gmt":"2025-06-13T17:33:45","slug":"dentisterie-pediatrique","status":"publish","type":"page","link":"https:\/\/staging.frigdent.com\/fr\/dentisterie-pediatrique\/","title":{"rendered":"Dentisterie p\u00e9diatrique"},"content":{"rendered":"\t\t<div data-elementor-type=\"wp-page\" data-elementor-id=\"2515\" class=\"elementor elementor-2515\" data-elementor-post-type=\"page\">\n\t\t\t\t<div class=\"elementor-element elementor-element-d9be592 e-flex e-con-boxed e-con e-parent\" data-id=\"d9be592\" data-element_type=\"container\" data-e-type=\"container\" data-settings=\"{&quot;background_background&quot;:&quot;classic&quot;}\">\n\t\t\t\t\t<div class=\"e-con-inner\">\n\t\t\t\t\t<\/div>\n\t\t\t\t<\/div>\n\t\t<div class=\"elementor-element elementor-element-dcc0860 e-flex e-con-boxed e-con e-parent\" data-id=\"dcc0860\" data-element_type=\"container\" data-e-type=\"container\">\n\t\t\t\t\t<div class=\"e-con-inner\">\n\t\t<div class=\"elementor-element elementor-element-388b698 e-con-full e-flex e-con e-child\" data-id=\"388b698\" data-element_type=\"container\" data-e-type=\"container\">\n\t\t\t\t<div class=\"elementor-element elementor-element-e26a9a0 elementor-widget elementor-widget-image\" data-id=\"e26a9a0\" data-element_type=\"widget\" data-e-type=\"widget\" data-widget_type=\"image.default\">\n\t\t\t\t<div class=\"elementor-widget-container\">\n\t\t\t\t\t\t\t\t\t\t\t\t\t\t\t<img loading=\"lazy\" decoding=\"async\" width=\"800\" height=\"450\" src=\"https:\/\/staging.frigdent.com\/wp-content\/uploads\/2025\/04\/cocuk-dis-hekimligi-scaled-y-2048x1152-1-1024x576.webp\" class=\"attachment-large size-large wp-image-422\" alt=\"\" srcset=\"https:\/\/staging.frigdent.com\/wp-content\/uploads\/2025\/04\/cocuk-dis-hekimligi-scaled-y-2048x1152-1-1024x576.webp 1024w, https:\/\/staging.frigdent.com\/wp-content\/uploads\/2025\/04\/cocuk-dis-hekimligi-scaled-y-2048x1152-1-300x169.webp 300w, https:\/\/staging.frigdent.com\/wp-content\/uploads\/2025\/04\/cocuk-dis-hekimligi-scaled-y-2048x1152-1-768x432.webp 768w, https:\/\/staging.frigdent.com\/wp-content\/uploads\/2025\/04\/cocuk-dis-hekimligi-scaled-y-2048x1152-1-1536x864.webp 1536w, https:\/\/staging.frigdent.com\/wp-content\/uploads\/2025\/04\/cocuk-dis-hekimligi-scaled-y-2048x1152-1.webp 2048w\" sizes=\"auto, (max-width: 800px) 100vw, 800px\" \/>\t\t\t\t\t\t\t\t\t\t\t\t\t\t\t<\/div>\n\t\t\t\t<\/div>\n\t\t\t\t<div class=\"elementor-element elementor-element-b2eba4d elementor-widget elementor-widget-text-editor\" data-id=\"b2eba4d\" data-element_type=\"widget\" data-e-type=\"widget\" data-widget_type=\"text-editor.default\">\n\t\t\t\t<div class=\"elementor-widget-container\">\n\t\t\t\t\t\t\t\t\t<p>La p\u00e9dodontie est une branche de la dentisterie qui se concentre sur le suivi de la sant\u00e9 bucco-dentaire des enfants, de la naissance \u00e0 l&rsquo;adolescence. Des examens bucco-dentaires r\u00e9guliers sont essentiels pour garantir un d\u00e9veloppement dentaire optimal et sain.<\/p>\n<p>N\u00e9gliger la sant\u00e9 bucco-dentaire des enfants peut entra\u00eener des probl\u00e8mes orthodontiques qui se manifesteront plus tard.<\/p>\n<p><b>Pourquoi les dents de lait sont-elles importantes&nbsp;?<\/b><\/p>\n<p>La sant\u00e9 des dents de lait est primordiale. Des caries mal trait\u00e9es peuvent nuire au d\u00e9veloppement des dents permanentes. Leur principale fonction est de fournir un espace ad\u00e9quat aux futures dents permanentes, de les orienter correctement et de faciliter la mastication. Cette fonction favorise \u00e9galement le bon d\u00e9veloppement des os et des muscles de la m\u00e2choire. De plus, le d\u00e9veloppement des dents peut \u00e9galement affecter les habitudes de langage des enfants. La perte des dents de lait une fois leur d\u00e9veloppement termin\u00e9 et le d\u00e9veloppement des dents permanentes commencent \u00e0 6-7 ans et se terminent vers 10-13 ans. Cette \u00e9tape n&rsquo;inclut g\u00e9n\u00e9ralement pas les dents de sagesse, qui se d\u00e9veloppent vers l&rsquo;\u00e2ge adulte, voire plus tard.<\/p>\n<p><b>Pratiques de dentisterie pr\u00e9ventive<\/b><\/p>\n<p>Les pratiques pr\u00e9ventives visent principalement \u00e0 sensibiliser les enfants et les parents au brossage r\u00e9gulier des dents et aux bonnes habitudes alimentaires. Inculquer aux enfants l&rsquo;habitude de se brosser les dents au moins deux fois par jour et d&rsquo;\u00e9viter une consommation excessive de sucre est un bon point de d\u00e9part.<\/p>\n<p>Les pratiques pr\u00e9ventives les plus courantes sont les scellants de fissures et les applications de fluor. Ces derniers emp\u00eachent la p\u00e9n\u00e9tration des bact\u00e9ries en fermant les fissures (sillons) de la surface de mastication des dents, sujettes aux caries. Les applications de fluor, largement utilis\u00e9es pour la protection contre les caries, visent \u00e0 renforcer l&rsquo;\u00e9mail des dents.<\/p>\n<p><b>Caries<\/b><\/p>\n<p>La carie dentaire, aussi appel\u00e9e carie du biberon, est un probl\u00e8me fr\u00e9quent dans la petite enfance. Elle est fr\u00e9quemment observ\u00e9e chez les jeunes enfants suite \u00e0 la consommation d&rsquo;aliments sucr\u00e9s dans un biberon pendant leur sommeil.<\/p>\n<p><b>Applications de mainteneurs d&rsquo;espace<\/b><\/p>\n<p>Prot\u00e9ger les dents de lait, traiter les caries et pr\u00e9server la place des dents perdues en cas de perte pr\u00e9matur\u00e9e est essentiel au bon positionnement des dents d\u00e9finitives. Dans ce cas, l&#8217;emplacement des dents de lait pr\u00e9matur\u00e9ment perdues est prot\u00e9g\u00e9 par des mainteneurs d&rsquo;espace fixes ou amovibles.<\/p>\n<p><b>Quand consulter un dentiste p\u00e9diatrique&nbsp;?<\/b><\/p>\n<p>Il est recommand\u00e9 d&#8217;emmener les enfants chez le dentiste deux fois par an d\u00e8s l&rsquo;\u00e2ge d&rsquo;un an. Le d\u00e9veloppement de malocclusions chez l&rsquo;enfant peut survenir d\u00e8s l&rsquo;\u00e2ge de deux ans. \u00catre conscient des facteurs qui menacent la sant\u00e9 des dents et des gencives d\u00e8s le plus jeune \u00e2ge peut \u00eatre b\u00e9n\u00e9fique afin d&rsquo;\u00e9viter des soins dentaires \u00e0 l&rsquo;\u00e2ge adulte.<\/p>\t\t\t\t\t\t\t\t<\/div>\n\t\t\t\t<\/div>\n\t\t\t\t<\/div>\n\t\t<div class=\"elementor-element elementor-element-94cd338 e-con-full e-flex e-con e-child\" data-id=\"94cd338\" data-element_type=\"container\" data-e-type=\"container\">\n\t\t<div class=\"elementor-element elementor-element-366c4da e-con-full e-flex e-con e-child\" data-id=\"366c4da\" data-element_type=\"container\" data-e-type=\"container\" data-settings=\"{&quot;background_background&quot;:&quot;classic&quot;}\">\n\t\t\t\t<div class=\"elementor-element elementor-element-bbe9932 elementor-widget__width-initial elementor-widget elementor-widget-heading\" data-id=\"bbe9932\" data-element_type=\"widget\" data-e-type=\"widget\" data-widget_type=\"heading.default\">\n\t\t\t\t<div class=\"elementor-widget-container\">\n\t\t\t\t\t<h2 class=\"elementor-heading-title elementor-size-default\">Consultez un expert<\/h2>\t\t\t\t<\/div>\n\t\t\t\t<\/div>\n\t\t\t\t<div class=\"elementor-element elementor-element-55fcc5b elementor-button-align-stretch elementor-widget elementor-widget-form\" data-id=\"55fcc5b\" data-element_type=\"widget\" data-e-type=\"widget\" data-settings=\"{&quot;step_next_label&quot;:&quot;Next&quot;,&quot;step_previous_label&quot;:&quot;Previous&quot;,&quot;button_width&quot;:&quot;100&quot;,&quot;step_type&quot;:&quot;number_text&quot;,&quot;step_icon_shape&quot;:&quot;circle&quot;}\" data-widget_type=\"form.default\">\n\t\t\t\t<div class=\"elementor-widget-container\">\n\t\t\t\t\t\t\t<form class=\"elementor-form\" method=\"post\" name=\"New Form\" aria-label=\"New Form\">\n\t\t\t<input type=\"hidden\" name=\"post_id\" value=\"2515\"\/>\n\t\t\t<input type=\"hidden\" name=\"form_id\" value=\"55fcc5b\"\/>\n\t\t\t<input type=\"hidden\" name=\"referer_title\" value=\"Dentisterie p\u00e9diatrique - Frigdent\" \/>\n\n\t\t\t\t\t\t\t<input type=\"hidden\" name=\"queried_id\" value=\"2515\"\/>\n\t\t\t\n\t\t\t<div class=\"elementor-form-fields-wrapper elementor-labels-above\">\n\t\t\t\t\t\t\t\t<div class=\"elementor-field-type-text elementor-field-group elementor-column elementor-field-group-name elementor-col-100\">\n\t\t\t\t\t\t\t\t\t\t\t\t\t<input size=\"1\" type=\"text\" name=\"form_fields[name]\" id=\"form-field-name\" class=\"elementor-field elementor-size-sm  elementor-field-textual\" placeholder=\"Votre nom et pr\u00e9nom\">\n\t\t\t\t\t\t\t\t\t\t\t<\/div>\n\t\t\t\t\t\t\t\t<div class=\"elementor-field-type-tel elementor-field-group elementor-column elementor-field-group-email elementor-col-100 elementor-field-required\">\n\t\t\t\t\t\t\t<input size=\"1\" type=\"tel\" name=\"form_fields[email]\" id=\"form-field-email\" class=\"elementor-field elementor-size-sm  elementor-field-textual\" placeholder=\"Votre num\u00e9ro de t\u00e9l\u00e9phone\" required=\"required\" pattern=\"[0-9()#&amp;+*-=.]+\" title=\"Only numbers and phone characters (#, -, *, etc) are accepted.\">\n\n\t\t\t\t\t\t<\/div>\n\t\t\t\t\t\t\t\t<div class=\"elementor-field-type-textarea elementor-field-group elementor-column elementor-field-group-message elementor-col-100\">\n\t\t\t\t\t<textarea class=\"elementor-field-textual elementor-field  elementor-size-sm\" name=\"form_fields[message]\" id=\"form-field-message\" rows=\"4\" placeholder=\"Votre message\"><\/textarea>\t\t\t\t<\/div>\n\t\t\t\t\t\t\t\t<div class=\"elementor-field-group elementor-column elementor-field-type-submit elementor-col-100 e-form__buttons\">\n\t\t\t\t\t<button class=\"elementor-button elementor-size-sm\" type=\"submit\">\n\t\t\t\t\t\t<span class=\"elementor-button-content-wrapper\">\n\t\t\t\t\t\t\t\t\t\t\t\t\t\t\t\t\t\t\t\t\t\t<span class=\"elementor-button-text\">Envoyer le formulaire<\/span>\n\t\t\t\t\t\t\t\t\t\t\t\t\t<\/span>\n\t\t\t\t\t<\/button>\n\t\t\t\t<\/div>\n\t\t\t<\/div>\n\t\t<\/form>\n\t\t\t\t\t\t<\/div>\n\t\t\t\t<\/div>\n\t\t\t\t<\/div>\n\t\t<div class=\"elementor-element elementor-element-35f4cc7 e-con-full e-flex e-con e-child\" data-id=\"35f4cc7\" data-element_type=\"container\" data-e-type=\"container\" data-settings=\"{&quot;background_background&quot;:&quot;classic&quot;}\">\n\t\t\t\t<div class=\"elementor-element elementor-element-a59a685 elementor-align-justify elementor-widget elementor-widget-button\" data-id=\"a59a685\" data-element_type=\"widget\" data-e-type=\"widget\" data-widget_type=\"button.default\">\n\t\t\t\t<div class=\"elementor-widget-container\">\n\t\t\t\t\t\t\t\t\t<div class=\"elementor-button-wrapper\">\n\t\t\t\t\t<a class=\"elementor-button elementor-button-link elementor-size-sm elementor-animation-grow\" href=\"https:\/\/staging.frigdent.com\/fr\/dentisterie-esthetique\/\">\n\t\t\t\t\t\t<span class=\"elementor-button-content-wrapper\">\n\t\t\t\t\t\t\t\t\t<span class=\"elementor-button-text\">Dentisterie esth\u00e9tique<\/span>\n\t\t\t\t\t<\/span>\n\t\t\t\t\t<\/a>\n\t\t\t\t<\/div>\n\t\t\t\t\t\t\t\t<\/div>\n\t\t\t\t<\/div>\n\t\t\t\t<div class=\"elementor-element elementor-element-e61738e elementor-align-justify elementor-widget elementor-widget-button\" data-id=\"e61738e\" data-element_type=\"widget\" data-e-type=\"widget\" data-widget_type=\"button.default\">\n\t\t\t\t<div class=\"elementor-widget-container\">\n\t\t\t\t\t\t\t\t\t<div class=\"elementor-button-wrapper\">\n\t\t\t\t\t<a class=\"elementor-button elementor-button-link elementor-size-sm elementor-animation-grow\" href=\"https:\/\/staging.frigdent.com\/fr\/esthetique-des-gencives\/\">\n\t\t\t\t\t\t<span class=\"elementor-button-content-wrapper\">\n\t\t\t\t\t\t\t\t\t<span class=\"elementor-button-text\">Esth\u00e9tique des gencives<\/span>\n\t\t\t\t\t<\/span>\n\t\t\t\t\t<\/a>\n\t\t\t\t<\/div>\n\t\t\t\t\t\t\t\t<\/div>\n\t\t\t\t<\/div>\n\t\t\t\t<div class=\"elementor-element elementor-element-09c3169 elementor-align-justify elementor-widget elementor-widget-button\" data-id=\"09c3169\" data-element_type=\"widget\" data-e-type=\"widget\" data-widget_type=\"button.default\">\n\t\t\t\t<div class=\"elementor-widget-container\">\n\t\t\t\t\t\t\t\t\t<div class=\"elementor-button-wrapper\">\n\t\t\t\t\t<a class=\"elementor-button elementor-button-link elementor-size-sm elementor-animation-grow\" href=\"https:\/\/staging.frigdent.com\/fr\/conception-de-sourire\/\">\n\t\t\t\t\t\t<span class=\"elementor-button-content-wrapper\">\n\t\t\t\t\t\t\t\t\t<span class=\"elementor-button-text\">Conception de sourire<\/span>\n\t\t\t\t\t<\/span>\n\t\t\t\t\t<\/a>\n\t\t\t\t<\/div>\n\t\t\t\t\t\t\t\t<\/div>\n\t\t\t\t<\/div>\n\t\t\t\t<div class=\"elementor-element elementor-element-ca552c4 elementor-align-justify elementor-widget elementor-widget-button\" data-id=\"ca552c4\" data-element_type=\"widget\" data-e-type=\"widget\" data-widget_type=\"button.default\">\n\t\t\t\t<div class=\"elementor-widget-container\">\n\t\t\t\t\t\t\t\t\t<div class=\"elementor-button-wrapper\">\n\t\t\t\t\t<a class=\"elementor-button elementor-button-link elementor-size-sm elementor-animation-grow\" href=\"https:\/\/staging.frigdent.com\/fr\/technologie-de-remplissage\/\">\n\t\t\t\t\t\t<span class=\"elementor-button-content-wrapper\">\n\t\t\t\t\t\t\t\t\t<span class=\"elementor-button-text\">Technologie de remplissage<\/span>\n\t\t\t\t\t<\/span>\n\t\t\t\t\t<\/a>\n\t\t\t\t<\/div>\n\t\t\t\t\t\t\t\t<\/div>\n\t\t\t\t<\/div>\n\t\t\t\t<div class=\"elementor-element elementor-element-554fe52 elementor-align-justify elementor-widget elementor-widget-button\" data-id=\"554fe52\" data-element_type=\"widget\" data-e-type=\"widget\" data-widget_type=\"button.default\">\n\t\t\t\t<div class=\"elementor-widget-container\">\n\t\t\t\t\t\t\t\t\t<div class=\"elementor-button-wrapper\">\n\t\t\t\t\t<a class=\"elementor-button elementor-button-link elementor-size-sm elementor-animation-grow\" href=\"https:\/\/staging.frigdent.com\/fr\/feuille-de-porcelaine\/\">\n\t\t\t\t\t\t<span class=\"elementor-button-content-wrapper\">\n\t\t\t\t\t\t\t\t\t<span class=\"elementor-button-text\">Feuille de porcelaine<\/span>\n\t\t\t\t\t<\/span>\n\t\t\t\t\t<\/a>\n\t\t\t\t<\/div>\n\t\t\t\t\t\t\t\t<\/div>\n\t\t\t\t<\/div>\n\t\t\t\t<div class=\"elementor-element elementor-element-8ee10e2 elementor-align-justify elementor-widget elementor-widget-button\" data-id=\"8ee10e2\" data-element_type=\"widget\" data-e-type=\"widget\" data-widget_type=\"button.default\">\n\t\t\t\t<div class=\"elementor-widget-container\">\n\t\t\t\t\t\t\t\t\t<div class=\"elementor-button-wrapper\">\n\t\t\t\t\t<a class=\"elementor-button elementor-button-link elementor-size-sm elementor-animation-grow\" href=\"https:\/\/staging.frigdent.com\/fr\/obturation-en-ceramique\/\">\n\t\t\t\t\t\t<span class=\"elementor-button-content-wrapper\">\n\t\t\t\t\t\t\t\t\t<span class=\"elementor-button-text\">Obturation en c\u00e9ramique<\/span>\n\t\t\t\t\t<\/span>\n\t\t\t\t\t<\/a>\n\t\t\t\t<\/div>\n\t\t\t\t\t\t\t\t<\/div>\n\t\t\t\t<\/div>\n\t\t\t\t<div class=\"elementor-element elementor-element-7845ef4 elementor-align-justify elementor-widget elementor-widget-button\" data-id=\"7845ef4\" data-element_type=\"widget\" data-e-type=\"widget\" data-widget_type=\"button.default\">\n\t\t\t\t<div class=\"elementor-widget-container\">\n\t\t\t\t\t\t\t\t\t<div class=\"elementor-button-wrapper\">\n\t\t\t\t\t<a class=\"elementor-button elementor-button-link elementor-size-sm elementor-animation-grow\" href=\"https:\/\/staging.frigdent.com\/fr\/traitement-implantaire\/\">\n\t\t\t\t\t\t<span class=\"elementor-button-content-wrapper\">\n\t\t\t\t\t\t\t\t\t<span class=\"elementor-button-text\">Traitement implantaire<\/span>\n\t\t\t\t\t<\/span>\n\t\t\t\t\t<\/a>\n\t\t\t\t<\/div>\n\t\t\t\t\t\t\t\t<\/div>\n\t\t\t\t<\/div>\n\t\t\t\t<\/div>\n\t\t\t\t<\/div>\n\t\t\t\t\t<\/div>\n\t\t\t\t<\/div>\n\t\t<div class=\"elementor-element elementor-element-aec7cb8 e-flex e-con-boxed e-con e-parent\" data-id=\"aec7cb8\" data-element_type=\"container\" data-e-type=\"container\">\n\t\t\t\t\t<div class=\"e-con-inner\">\n\t\t\t\t<div class=\"elementor-element elementor-element-ebb8311 elementor-widget elementor-widget-spacer\" data-id=\"ebb8311\" data-element_type=\"widget\" data-e-type=\"widget\" data-widget_type=\"spacer.default\">\n\t\t\t\t<div class=\"elementor-widget-container\">\n\t\t\t\t\t\t\t<div class=\"elementor-spacer\">\n\t\t\t<div class=\"elementor-spacer-inner\"><\/div>\n\t\t<\/div>\n\t\t\t\t\t\t<\/div>\n\t\t\t\t<\/div>\n\t\t\t\t\t<\/div>\n\t\t\t\t<\/div>\n\t\t\t\t<\/div>\n\t\t","protected":false},"excerpt":{"rendered":"<p>La p\u00e9dodontie est une branche de la dentisterie qui se concentre sur le suivi de la sant\u00e9 bucco-dentaire des enfants, de la naissance \u00e0 l&rsquo;adolescence. Des examens bucco-dentaires r\u00e9guliers sont essentiels pour garantir un d\u00e9veloppement dentaire optimal et sain. N\u00e9gliger la sant\u00e9 bucco-dentaire des enfants peut entra\u00eener des probl\u00e8mes orthodontiques qui se manifesteront plus tard. [&hellip;]<\/p>\n","protected":false},"author":1,"featured_media":0,"parent":0,"menu_order":0,"comment_status":"closed","ping_status":"closed","template":"","meta":{"footnotes":""},"class_list":["post-2515","page","type-page","status-publish","hentry"],"_links":{"self":[{"href":"https:\/\/staging.frigdent.com\/fr\/wp-json\/wp\/v2\/pages\/2515","targetHints":{"allow":["GET"]}}],"collection":[{"href":"https:\/\/staging.frigdent.com\/fr\/wp-json\/wp\/v2\/pages"}],"about":[{"href":"https:\/\/staging.frigdent.com\/fr\/wp-json\/wp\/v2\/types\/page"}],"author":[{"embeddable":true,"href":"https:\/\/staging.frigdent.com\/fr\/wp-json\/wp\/v2\/users\/1"}],"replies":[{"embeddable":true,"href":"https:\/\/staging.frigdent.com\/fr\/wp-json\/wp\/v2\/comments?post=2515"}],"version-history":[{"count":7,"href":"https:\/\/staging.frigdent.com\/fr\/wp-json\/wp\/v2\/pages\/2515\/revisions"}],"predecessor-version":[{"id":2898,"href":"https:\/\/staging.frigdent.com\/fr\/wp-json\/wp\/v2\/pages\/2515\/revisions\/2898"}],"wp:attachment":[{"href":"https:\/\/staging.frigdent.com\/fr\/wp-json\/wp\/v2\/media?parent=2515"}],"curies":[{"name":"wp","href":"https:\/\/api.w.org\/{rel}","templated":true}]}}